{"id":1746,"date":"2018-01-10T10:01:20","date_gmt":"2018-01-10T15:01:20","guid":{"rendered":"http:\/\/joagrenier.com\/more\/contact-me\/"},"modified":"2020-09-23T12:43:15","modified_gmt":"2020-09-23T16:43:15","slug":"contact-me","status":"publish","type":"page","link":"https:\/\/joagrenier.com\/en\/more\/contact-me\/","title":{"rendered":"Contact me"},"content":{"rendered":"\n\t<h3>Jo\u00e2 Grenier<br \/>\nMontr\u00e9al, Qu\u00e9bec, Canada<\/h3>\n<h3><a href=\"tel:514916-6777\">1-514-916-6777<\/a><\/h3>\n<h3><a href=\"mailto:info@joagrenier.com\">info@joagrenier.com<\/a><\/h3>\n\t<p><img loading=\"lazy\" decoding=\"async\" src=\"http:\/\/joagrenier.com\/wp-content\/uploads\/2017\/11\/DSC02350sm.jpg\" alt=\"\" width=\"800\" height=\"600\" \/><\/p>\n","protected":false},"excerpt":{"rendered":"<p>Jo\u00e2 Grenier Montr\u00e9al, Qu\u00e9bec, Canada 1-514-916-6777 info@joagrenier.com<\/p>\n","protected":false},"author":1,"featured_media":0,"parent":1701,"menu_order":0,"comment_status":"closed","ping_status":"closed","template":"","meta":{"footnotes":""},"_links":{"self":[{"href":"https:\/\/joagrenier.com\/en\/wp-json\/wp\/v2\/pages\/1746"}],"collection":[{"href":"https:\/\/joagrenier.com\/en\/wp-json\/wp\/v2\/pages"}],"about":[{"href":"https:\/\/joagrenier.com\/en\/wp-json\/wp\/v2\/types\/page"}],"author":[{"embeddable":true,"href":"https:\/\/joagrenier.com\/en\/wp-json\/wp\/v2\/users\/1"}],"replies":[{"embeddable":true,"href":"https:\/\/joagrenier.com\/en\/wp-json\/wp\/v2\/comments?post=1746"}],"version-history":[{"count":3,"href":"https:\/\/joagrenier.com\/en\/wp-json\/wp\/v2\/pages\/1746\/revisions"}],"predecessor-version":[{"id":2780,"href":"https:\/\/joagrenier.com\/en\/wp-json\/wp\/v2\/pages\/1746\/revisions\/2780"}],"up":[{"embeddable":true,"href":"https:\/\/joagrenier.com\/en\/wp-json\/wp\/v2\/pages\/1701"}],"wp:attachment":[{"href":"https:\/\/joagrenier.com\/en\/wp-json\/wp\/v2\/media?parent=1746"}],"curies":[{"name":"wp","href":"https:\/\/api.w.org\/{rel}","templated":true}]}}