{"id":1689,"date":"2018-01-09T14:37:54","date_gmt":"2018-01-09T19:37:54","guid":{"rendered":"http:\/\/joagrenier.com\/thematic-collections\/pop-art\/"},"modified":"2018-01-26T10:40:57","modified_gmt":"2018-01-26T15:40:57","slug":"pop-art","status":"publish","type":"page","link":"https:\/\/joagrenier.com\/en\/thematic-collections\/pop-art\/","title":{"rendered":"Pop Art"},"content":{"rendered":"<p><img loading=\"lazy\" decoding=\"async\" src=\"http:\/\/joagrenier.com\/wp-content\/uploads\/2017\/09\/Photo-on-2017-10-19-at-12.01-PM.jpg\" alt=\"\" width=\"640\" height=\"426\" \/><\/p>\n<p><strong>Pop Art<\/strong><\/p>\n<p>A voyage back to the feverish 60s, the jewelry collection is bold and colourful and reverberates the lightheartedness of the period.\u00a0<\/p>\n<p>The cat eye beads, jade, agates, amethyst are the basis of these very pop art inspired pieces.\u00a0<\/p>\n<p>Expo &#8217;67 <a href=\"http:\/\/www.musee-mccord.qc.ca\/fr\/expositions\/lexpo-67-et-la-mode-a-montreal-dans-les-annees-1960\/\" target=\"_blank\" rel=\"noopener\">McCord Museum<\/a>, Montr\u00e9al 2017<\/p>\n<p>R\u00e9volution <a href=\"https:\/\/www.mbam.qc.ca\/expositions\/passees\/revolution\/\" target=\"_blank\" rel=\"noopener\">Montreal Museum of Fine Arts<\/a>, Montr\u00e9al 2017<\/p>\n<p>Pop Art <a href=\"http:\/\/www.museemaillol.com\/fr\/home\" target=\"_blank\" rel=\"noopener\">Mus\u00e9e Maillol<\/a>, Paris 2017<\/p>\n\n\t\t<!-- MasterSlider -->\n\t\t<div id=\"P_MS69ecbcaacfe36\" class=\"master-slider-parent msl ms-parent-id-8\" style=\"max-width:800px;\">\n\n\t\t\t\n\t\t\t<!-- MasterSlider Main -->\n\t\t\t<div id=\"MS69ecbcaacfe36\" class=\"master-slider ms-skin-default\" >\n\t\t\t\t \t\t\t\t \n\t\t\t\t<div  class=\"ms-slide\" data-delay=\"3\" data-fill-mode=\"fill\"  >\n\t\t\t\t\t<img decoding=\"async\" src=\"https:\/\/joagrenier.com\/wp-content\/plugins\/master-slider\/public\/assets\/css\/blank.gif\" alt=\"\" title=\"\" data-src=\"https:\/\/joagrenier.com\/wp-content\/uploads\/2017\/10\/IMG_3953-copy.jpg\" \/>\n\n\n\t<img decoding=\"async\" class=\"ms-thumb\" src=\"https:\/\/joagrenier.com\/wp-content\/uploads\/2017\/10\/IMG_3953-copy-140x80.jpg\" alt=\"\" \/>\n\t<div class=\"ms-thumb\" ><div class=\"ms-tab-context\"><div class=\"&quot;ms-tab-context&quot;\"><\/div><\/div>\n<\/div>\n\t\t\t\t<\/div>\n\t\t\t\t<div  class=\"ms-slide\" data-delay=\"3\" data-fill-mode=\"fill\"  >\n\t\t\t\t\t<img decoding=\"async\" src=\"https:\/\/joagrenier.com\/wp-content\/plugins\/master-slider\/public\/assets\/css\/blank.gif\" alt=\"\" title=\"\" data-src=\"https:\/\/joagrenier.com\/wp-content\/uploads\/2017\/10\/IMG_3946-copy.jpg\" \/>\n\n\n\t<img decoding=\"async\" class=\"ms-thumb\" src=\"https:\/\/joagrenier.com\/wp-content\/uploads\/2017\/10\/IMG_3946-copy-140x80.jpg\" alt=\"\" \/>\n\t<div class=\"ms-thumb\" ><div class=\"ms-tab-context\"><div class=\"&quot;ms-tab-context&quot;\"><\/div><\/div>\n<\/div>\n\t\t\t\t<\/div>\n\t\t\t\t<div  class=\"ms-slide\" data-delay=\"3\" data-fill-mode=\"fill\"  >\n\t\t\t\t\t<img decoding=\"async\" src=\"https:\/\/joagrenier.com\/wp-content\/plugins\/master-slider\/public\/assets\/css\/blank.gif\" alt=\"\" title=\"\" data-src=\"https:\/\/joagrenier.com\/wp-content\/uploads\/2017\/10\/IMG_3955-copy.jpg\" \/>\n\n\n\t<img decoding=\"async\" class=\"ms-thumb\" src=\"https:\/\/joagrenier.com\/wp-content\/uploads\/2017\/10\/IMG_3955-copy-140x80.jpg\" alt=\"\" \/>\n\t<div class=\"ms-thumb\" ><div class=\"ms-tab-context\"><div class=\"&quot;ms-tab-context&quot;\"><\/div><\/div>\n<\/div>\n\t\t\t\t<\/div>\n\t\t\t\t<div  class=\"ms-slide\" data-delay=\"3\" data-fill-mode=\"fill\"  >\n\t\t\t\t\t<img decoding=\"async\" src=\"https:\/\/joagrenier.com\/wp-content\/plugins\/master-slider\/public\/assets\/css\/blank.gif\" alt=\"\" title=\"\" data-src=\"https:\/\/joagrenier.com\/wp-content\/uploads\/2017\/10\/IMG_3958-copy.jpg\" \/>\n\n\n\t<img decoding=\"async\" class=\"ms-thumb\" src=\"https:\/\/joagrenier.com\/wp-content\/uploads\/2017\/10\/IMG_3958-copy-140x80.jpg\" alt=\"\" \/>\n\t<div class=\"ms-thumb\" ><div class=\"ms-tab-context\"><div class=\"&quot;ms-tab-context&quot;\"><\/div><\/div>\n<\/div>\n\t\t\t\t<\/div>\n\t\t\t\t<div  class=\"ms-slide\" data-delay=\"3\" data-fill-mode=\"fill\"  >\n\t\t\t\t\t<img decoding=\"async\" src=\"https:\/\/joagrenier.com\/wp-content\/plugins\/master-slider\/public\/assets\/css\/blank.gif\" alt=\"\" title=\"\" data-src=\"https:\/\/joagrenier.com\/wp-content\/uploads\/2017\/10\/IMG_3961-copy.jpg\" \/>\n\n\n\t<img decoding=\"async\" class=\"ms-thumb\" src=\"https:\/\/joagrenier.com\/wp-content\/uploads\/2017\/10\/IMG_3961-copy-140x80.jpg\" alt=\"\" \/>\n\t<div class=\"ms-thumb\" ><div class=\"ms-tab-context\"><div class=\"&quot;ms-tab-context&quot;\"><\/div><\/div>\n<\/div>\n\t\t\t\t<\/div>\n\t\t\t\t<div  class=\"ms-slide\" data-delay=\"3\" data-fill-mode=\"fill\"  >\n\t\t\t\t\t<img decoding=\"async\" src=\"https:\/\/joagrenier.com\/wp-content\/plugins\/master-slider\/public\/assets\/css\/blank.gif\" alt=\"\" title=\"\" data-src=\"https:\/\/joagrenier.com\/wp-content\/uploads\/2017\/10\/IMG_3963-copy.jpg\" \/>\n\n\n\t<img decoding=\"async\" class=\"ms-thumb\" src=\"https:\/\/joagrenier.com\/wp-content\/uploads\/2017\/10\/IMG_3963-copy-140x80.jpg\" alt=\"\" \/>\n\t<div class=\"ms-thumb\" ><div class=\"ms-tab-context\"><div class=\"&quot;ms-tab-context&quot;\"><\/div><\/div>\n<\/div>\n\t\t\t\t<\/div>\n\t\t\t\t<div  class=\"ms-slide\" data-delay=\"3\" data-fill-mode=\"fill\"  >\n\t\t\t\t\t<img decoding=\"async\" src=\"https:\/\/joagrenier.com\/wp-content\/plugins\/master-slider\/public\/assets\/css\/blank.gif\" alt=\"\" title=\"\" data-src=\"https:\/\/joagrenier.com\/wp-content\/uploads\/2017\/10\/IMG_3966-copy.jpg\" \/>\n\n\n\t<img decoding=\"async\" class=\"ms-thumb\" src=\"https:\/\/joagrenier.com\/wp-content\/uploads\/2017\/10\/IMG_3966-copy-140x80.jpg\" alt=\"\" \/>\n\t<div class=\"ms-thumb\" ><div class=\"ms-tab-context\"><div class=\"&quot;ms-tab-context&quot;\"><\/div><\/div>\n<\/div>\n\t\t\t\t<\/div>\n\t\t\t\t<div  class=\"ms-slide\" data-delay=\"3\" data-fill-mode=\"fill\"  >\n\t\t\t\t\t<img decoding=\"async\" src=\"https:\/\/joagrenier.com\/wp-content\/plugins\/master-slider\/public\/assets\/css\/blank.gif\" alt=\"\" title=\"\" data-src=\"https:\/\/joagrenier.com\/wp-content\/uploads\/2017\/10\/IMG_3970-copy.jpg\" \/>\n\n\n\t<img decoding=\"async\" class=\"ms-thumb\" src=\"https:\/\/joagrenier.com\/wp-content\/uploads\/2017\/10\/IMG_3970-copy-140x80.jpg\" alt=\"\" \/>\n\t<div class=\"ms-thumb\" ><div class=\"ms-tab-context\"><div class=\"&quot;ms-tab-context&quot;\"><\/div><\/div>\n<\/div>\n\t\t\t\t<\/div>\n\t\t\t\t<div  class=\"ms-slide\" data-delay=\"3\" data-fill-mode=\"fill\"  >\n\t\t\t\t\t<img decoding=\"async\" src=\"https:\/\/joagrenier.com\/wp-content\/plugins\/master-slider\/public\/assets\/css\/blank.gif\" alt=\"\" title=\"\" data-src=\"https:\/\/joagrenier.com\/wp-content\/uploads\/2017\/10\/IMG_3973-copy.jpg\" \/>\n\n\n\t<img decoding=\"async\" class=\"ms-thumb\" src=\"https:\/\/joagrenier.com\/wp-content\/uploads\/2017\/10\/IMG_3973-copy-140x80.jpg\" alt=\"\" \/>\n\t<div class=\"ms-thumb\" ><div class=\"ms-tab-context\"><div class=\"&quot;ms-tab-context&quot;\"><\/div><\/div>\n<\/div>\n\t\t\t\t<\/div>\n\n\t\t\t<\/div>\n\t\t\t<!-- END MasterSlider Main -->\n\n\t\t\t \n\t\t<\/div>\n\t\t<!-- END MasterSlider -->\n\n\t\t<script>\n\t\t(function ( $ ) {\n\t\t\t\"use strict\";\n\n\t\t\t$(function () {\n\t\t\t\tvar masterslider_fe36 = new MasterSlider();\n\n\t\t\t\t\/\/ slider controls\n\t\t\t\tmasterslider_fe36.control('arrows'     ,{ autohide:false, overVideo:true  });\n\t\t\t\tmasterslider_fe36.control('thumblist'  ,{ autohide:false, overVideo:true, dir:'h', speed:17, inset:false, arrows:false, hover:false, customClass:'', align:'bottom',type:'thumbs', margin:5, width:140, height:80, space:5, fillMode:'fill'  });\n\t\t\t\t\/\/ slider setup\n\t\t\t\tmasterslider_fe36.setup(\"MS69ecbcaacfe36\", {\n\t\t\t\t\t\twidth           : 800,\n\t\t\t\t\t\theight          : 550,\n\t\t\t\t\t\tminHeight       : 0,\n\t\t\t\t\t\tspace           : 0,\n\t\t\t\t\t\tstart           : 1,\n\t\t\t\t\t\tgrabCursor      : true,\n\t\t\t\t\t\tswipe           : true,\n\t\t\t\t\t\tmouse           : true,\n\t\t\t\t\t\tlayout          : \"boxed\",\n\t\t\t\t\t\twheel           : false,\n\t\t\t\t\t\tautoplay        : true,\n\t\t\t\t\t\tinstantStartLayers:false,\n\t\t\t\t\t\tloop            : false,\n\t\t\t\t\t\tshuffle         : false,\n\t\t\t\t\t\tpreload         : 0,\n\t\t\t\t\t\theightLimit     : true,\n\t\t\t\t\t\tautoHeight      : false,\n\t\t\t\t\t\tsmoothHeight    : true,\n\t\t\t\t\t\tendPause        : false,\n\t\t\t\t\t\toverPause       : true,\n\t\t\t\t\t\tfillMode        : \"fill\",\n\t\t\t\t\t\tcenterControls  : true,\n\t\t\t\t\t\tstartOnAppear   : false,\n\t\t\t\t\t\tlayersMode      : \"center\",\n\t\t\t\t\t\thideLayers      : false,\n\t\t\t\t\t\tfullscreenMargin: 0,\n\t\t\t\t\t\tspeed           : 20,\n\t\t\t\t\t\tdir             : \"h\",\n\t\t\t\t\t\tparallaxMode    : 'swipe',\n\t\t\t\t\t\tview            : \"basic\"\n\t\t\t\t});\n\n\t\t\t\t\n\t\t\t\twindow.masterslider_instances = window.masterslider_instances || [];\n\t\t\t\twindow.masterslider_instances.push( masterslider_fe36 );\n\t\t\t });\n\n\t\t})(jQuery);\n\t\t<\/script>\n\n\n<p><em>The photos above are a sample of the items in the exhibit gift shop.<\/em><\/p>\n\n<table id=\"tablepress-7\" class=\"tablepress tablepress-id-7\">\n<tbody class=\"row-striping row-hover\">\n<tr class=\"row-1\">\n\t<td class=\"column-1\">Necklaces<\/td><td class=\"column-2\">From $60 to $200<\/td>\n<\/tr>\n<tr class=\"row-2\">\n\t<td class=\"column-1\">Bracelets<\/td><td class=\"column-2\">From $50 to $65<\/td>\n<\/tr>\n<tr class=\"row-3\">\n\t<td class=\"column-1\">Earrings<\/td><td class=\"column-2\">From $24 to $30 <\/td>\n<\/tr>\n<tr class=\"row-4\">\n\t<td class=\"column-1\">Key chains\t<\/td><td class=\"column-2\">From $24 to $30<\/td>\n<\/tr>\n<tr class=\"row-5\">\n\t<td class=\"column-1\">Brooches<\/td><td class=\"column-2\">From $24 to $30<\/td>\n<\/tr>\n<tr class=\"row-6\">\n\t<td class=\"column-1\">Bookmarks<\/td><td class=\"column-2\">From $24 to $30<\/td>\n<\/tr>\n<\/tbody>\n<\/table>\n<!-- #tablepress-7 from cache -->\n<p>Prices in Canadian Dollars (CAD)<\/p>\n","protected":false},"excerpt":{"rendered":"<p>Pop Art A voyage back to the feverish 60s, the jewelry collection is bold and colourful and reverberates the lightheartedness of the period.\u00a0 The cat eye beads, jade, agates, amethyst are the basis of these very pop art inspired pieces.\u00a0 Expo &#8217;67 McCord Museum, Montr\u00e9al 2017 R\u00e9volution Montreal Museum of Fine Arts, Montr\u00e9al 2017 Pop<\/p>\n<p class=\"more-link\"><a href=\"https:\/\/joagrenier.com\/en\/thematic-collections\/pop-art\/\" class=\"themebutton2\">Read More<\/a><\/p>\n","protected":false},"author":1,"featured_media":0,"parent":1648,"menu_order":0,"comment_status":"closed","ping_status":"closed","template":"","meta":{"footnotes":""},"_links":{"self":[{"href":"https:\/\/joagrenier.com\/en\/wp-json\/wp\/v2\/pages\/1689"}],"collection":[{"href":"https:\/\/joagrenier.com\/en\/wp-json\/wp\/v2\/pages"}],"about":[{"href":"https:\/\/joagrenier.com\/en\/wp-json\/wp\/v2\/types\/page"}],"author":[{"embeddable":true,"href":"https:\/\/joagrenier.com\/en\/wp-json\/wp\/v2\/users\/1"}],"replies":[{"embeddable":true,"href":"https:\/\/joagrenier.com\/en\/wp-json\/wp\/v2\/comments?post=1689"}],"version-history":[{"count":5,"href":"https:\/\/joagrenier.com\/en\/wp-json\/wp\/v2\/pages\/1689\/revisions"}],"predecessor-version":[{"id":1978,"href":"https:\/\/joagrenier.com\/en\/wp-json\/wp\/v2\/pages\/1689\/revisions\/1978"}],"up":[{"embeddable":true,"href":"https:\/\/joagrenier.com\/en\/wp-json\/wp\/v2\/pages\/1648"}],"wp:attachment":[{"href":"https:\/\/joagrenier.com\/en\/wp-json\/wp\/v2\/media?parent=1689"}],"curies":[{"name":"wp","href":"https:\/\/api.w.org\/{rel}","templated":true}]}}