{"id":1684,"date":"2018-01-09T14:34:13","date_gmt":"2018-01-09T19:34:13","guid":{"rendered":"http:\/\/joagrenier.com\/thematic-collections\/the-roaring-20s\/"},"modified":"2020-09-15T11:57:40","modified_gmt":"2020-09-15T15:57:40","slug":"the-roaring-20s","status":"publish","type":"page","link":"https:\/\/joagrenier.com\/en\/thematic-collections\/the-roaring-20s\/","title":{"rendered":"The Roaring 20s"},"content":{"rendered":"\n<div id=\"attachment_670\" style=\"width: 848px\" class=\"wp-caption alignnone\"><img loading=\"lazy\" decoding=\"async\" aria-describedby=\"caption-attachment-670\" src=\"http:\/\/joagrenier.com\/wp-content\/uploads\/2017\/10\/Scan-838x1024.jpeg\" alt=\"\" width=\"838\" height=\"1024\"><p id=\"caption-attachment-670\" class=\"wp-caption-text\">Randolph S. Hewton (1888-1960) Mlle Mary Macintosh, 1924 ou avant, Peter Dobell, photo de David Barbour<\/p><\/div>\n\t<p><strong>La modernit\u00e9 des ann\u00e9es 20<\/strong><\/p>\n<p>\u00c0 la fin de la Premi\u00e8re Guerre mondiale, il y a de l\u2019euphorie dans l\u2019air. Un mouvement de lib\u00e9ralisation s\u2019amorce et influe sur l\u2019atmosph\u00e8re culturelle, ce qui engendre plusieurs ph\u00e9nom\u00e8nes artistiques dont celui du Groupe de Beaver Hall \u00e0 Montr\u00e9al.<\/p>\n<p>Cette collection est constitu\u00e9e d\u2019h\u00e9matites naturelles et de couleur, d\u2019agates taill\u00e9es, de cristaux facett\u00e9s, de jade et de pierres du Rhin. Ces bijoux correspondent \u00e0 l\u2019\u00e9poque qu\u2019ils repr\u00e9sentent, mais sont curieusement toujours tr\u00e8s actuels.<\/p>\n<p><strong>&nbsp;<\/strong><a href=\"https:\/\/www.mbam.qc.ca\/actualites\/lart-gallery-windsor-accueille-lexposition-une-modernite-des-annees-1920\/\" target=\"_blank\" rel=\"noopener noreferrer\">Mus\u00e9e des beaux-arts de Montr\u00e9al<\/a> 2015<\/p>\n\t\n\t\t<!-- MasterSlider -->\n\t\t<div id=\"P_MS69dc937c96b2b\" class=\"master-slider-parent msl ms-parent-id-19\" style=\"max-width:800px;\">\n\n\t\t\t\n\t\t\t<!-- MasterSlider Main -->\n\t\t\t<div id=\"MS69dc937c96b2b\" class=\"master-slider ms-skin-default\" >\n\t\t\t\t \t\t\t\t \n\t\t\t\t<div  class=\"ms-slide\" data-delay=\"3\" data-fill-mode=\"fill\"  >\n\t\t\t\t\t<img decoding=\"async\" src=\"https:\/\/joagrenier.com\/wp-content\/plugins\/master-slider\/public\/assets\/css\/blank.gif\" alt=\"\" title=\"\" data-src=\"https:\/\/joagrenier.com\/wp-content\/uploads\/2017\/11\/IMG_4032-copy.jpg\" \/>\n\n\n\t<img decoding=\"async\" class=\"ms-thumb\" src=\"https:\/\/joagrenier.com\/wp-content\/uploads\/2017\/11\/IMG_4032-copy-140x80.jpg\" alt=\"\" \/>\n\t<div class=\"ms-thumb\" ><div class=\"ms-tab-context\"><div class=\"&quot;ms-tab-context&quot;\"><\/div><\/div>\n<\/div>\n\t\t\t\t<\/div>\n\t\t\t\t<div  class=\"ms-slide\" data-delay=\"3\" data-fill-mode=\"fit\"  >\n\t\t\t\t\t<img decoding=\"async\" src=\"https:\/\/joagrenier.com\/wp-content\/plugins\/master-slider\/public\/assets\/css\/blank.gif\" alt=\"\" title=\"\" data-src=\"https:\/\/joagrenier.com\/wp-content\/uploads\/2017\/10\/IMG_4007-copy.jpg\" \/>\n\n\n\t<img decoding=\"async\" class=\"ms-thumb\" src=\"https:\/\/joagrenier.com\/wp-content\/uploads\/2017\/10\/IMG_4007-copy-140x80.jpg\" alt=\"\" \/>\n\t<div class=\"ms-thumb\" ><div class=\"ms-tab-context\"><div class=\"&quot;ms-tab-context&quot;\"><\/div><\/div>\n<\/div>\n\t\t\t\t<\/div>\n\t\t\t\t<div  class=\"ms-slide\" data-delay=\"3\" data-fill-mode=\"fit\"  >\n\t\t\t\t\t<img decoding=\"async\" src=\"https:\/\/joagrenier.com\/wp-content\/plugins\/master-slider\/public\/assets\/css\/blank.gif\" alt=\"\" title=\"\" data-src=\"https:\/\/joagrenier.com\/wp-content\/uploads\/2017\/10\/IMG_4008-copy.jpg\" \/>\n\n\n\t<img decoding=\"async\" class=\"ms-thumb\" src=\"https:\/\/joagrenier.com\/wp-content\/uploads\/2017\/10\/IMG_4008-copy-140x80.jpg\" alt=\"\" \/>\n\t<div class=\"ms-thumb\" ><div class=\"ms-tab-context\"><div class=\"&quot;ms-tab-context&quot;\"><\/div><\/div>\n<\/div>\n\t\t\t\t<\/div>\n\t\t\t\t<div  class=\"ms-slide\" data-delay=\"3\" data-fill-mode=\"fit\"  >\n\t\t\t\t\t<img decoding=\"async\" src=\"https:\/\/joagrenier.com\/wp-content\/plugins\/master-slider\/public\/assets\/css\/blank.gif\" alt=\"\" title=\"\" data-src=\"https:\/\/joagrenier.com\/wp-content\/uploads\/2017\/10\/IMG_4009-copy.jpg\" \/>\n\n\n\t<img decoding=\"async\" class=\"ms-thumb\" src=\"https:\/\/joagrenier.com\/wp-content\/uploads\/2017\/10\/IMG_4009-copy-140x80.jpg\" alt=\"\" \/>\n\t<div class=\"ms-thumb\" ><div class=\"ms-tab-context\"><div class=\"&quot;ms-tab-context&quot;\"><\/div><\/div>\n<\/div>\n\t\t\t\t<\/div>\n\t\t\t\t<div  class=\"ms-slide\" data-delay=\"3\" data-fill-mode=\"fill\"  >\n\t\t\t\t\t<img decoding=\"async\" src=\"https:\/\/joagrenier.com\/wp-content\/plugins\/master-slider\/public\/assets\/css\/blank.gif\" alt=\"\" title=\"\" data-src=\"https:\/\/joagrenier.com\/wp-content\/uploads\/2017\/11\/IMG_4112-copy.jpg\" \/>\n\n\n\t<img decoding=\"async\" class=\"ms-thumb\" src=\"https:\/\/joagrenier.com\/wp-content\/uploads\/2017\/11\/IMG_4112-copy-140x80.jpg\" alt=\"\" \/>\n\t<div class=\"ms-thumb\" ><div class=\"ms-tab-context\"><div class=\"&quot;ms-tab-context&quot;\"><\/div><\/div>\n<\/div>\n\t\t\t\t<\/div>\n\t\t\t\t<div  class=\"ms-slide\" data-delay=\"3\" data-fill-mode=\"fill\"  >\n\t\t\t\t\t<img decoding=\"async\" src=\"https:\/\/joagrenier.com\/wp-content\/plugins\/master-slider\/public\/assets\/css\/blank.gif\" alt=\"\" title=\"\" data-src=\"https:\/\/joagrenier.com\/wp-content\/uploads\/2017\/11\/IMG_4005-copy.jpg\" \/>\n\n\n\t<img decoding=\"async\" class=\"ms-thumb\" src=\"https:\/\/joagrenier.com\/wp-content\/uploads\/2017\/11\/IMG_4005-copy-140x80.jpg\" alt=\"\" \/>\n\t<div class=\"ms-thumb\" ><div class=\"ms-tab-context\"><div class=\"&quot;ms-tab-context&quot;\"><\/div><\/div>\n<\/div>\n\t\t\t\t<\/div>\n\t\t\t\t<div  class=\"ms-slide\" data-delay=\"3\" data-fill-mode=\"fit\"  >\n\t\t\t\t\t<img decoding=\"async\" src=\"https:\/\/joagrenier.com\/wp-content\/plugins\/master-slider\/public\/assets\/css\/blank.gif\" alt=\"\" title=\"\" data-src=\"https:\/\/joagrenier.com\/wp-content\/uploads\/2017\/10\/IMG_4003-copy.jpg\" \/>\n\n\n\t<img decoding=\"async\" class=\"ms-thumb\" src=\"https:\/\/joagrenier.com\/wp-content\/uploads\/2017\/10\/IMG_4003-copy-140x80.jpg\" alt=\"\" \/>\n\t<div class=\"ms-thumb\" ><div class=\"ms-tab-context\"><div class=\"&quot;ms-tab-context&quot;\"><\/div><\/div>\n<\/div>\n\t\t\t\t<\/div>\n\t\t\t\t<div  class=\"ms-slide\" data-delay=\"3\" data-fill-mode=\"fill\"  >\n\t\t\t\t\t<img decoding=\"async\" src=\"https:\/\/joagrenier.com\/wp-content\/plugins\/master-slider\/public\/assets\/css\/blank.gif\" alt=\"\" title=\"\" data-src=\"https:\/\/joagrenier.com\/wp-content\/uploads\/2017\/10\/IMG_4020-copy.jpg\" \/>\n\n\n\t<img decoding=\"async\" class=\"ms-thumb\" src=\"https:\/\/joagrenier.com\/wp-content\/uploads\/2017\/10\/IMG_4020-copy-140x80.jpg\" alt=\"\" \/>\n\t<div class=\"ms-thumb\" ><div class=\"ms-tab-context\"><div class=\"&quot;ms-tab-context&quot;\"><\/div><\/div>\n<\/div>\n\t\t\t\t<\/div>\n\t\t\t\t<div  class=\"ms-slide\" data-delay=\"3\" data-fill-mode=\"fill\"  >\n\t\t\t\t\t<img decoding=\"async\" src=\"https:\/\/joagrenier.com\/wp-content\/plugins\/master-slider\/public\/assets\/css\/blank.gif\" alt=\"\" title=\"\" data-src=\"https:\/\/joagrenier.com\/wp-content\/uploads\/2017\/10\/IMG_4022-copy.jpg\" \/>\n\n\n\t<img decoding=\"async\" class=\"ms-thumb\" src=\"https:\/\/joagrenier.com\/wp-content\/uploads\/2017\/10\/IMG_4022-copy-140x80.jpg\" alt=\"\" \/>\n\t<div class=\"ms-thumb\" ><div class=\"ms-tab-context\"><div class=\"&quot;ms-tab-context&quot;\"><\/div><\/div>\n<\/div>\n\t\t\t\t<\/div>\n\n\t\t\t<\/div>\n\t\t\t<!-- END MasterSlider Main -->\n\n\t\t\t \n\t\t<\/div>\n\t\t<!-- END MasterSlider -->\n\n\t\t<script>\n\t\t(function ( $ ) {\n\t\t\t\"use strict\";\n\n\t\t\t$(function () {\n\t\t\t\tvar masterslider_6b2b = new MasterSlider();\n\n\t\t\t\t\/\/ slider controls\n\t\t\t\tmasterslider_6b2b.control('arrows'     ,{ autohide:false, overVideo:true  });\n\t\t\t\tmasterslider_6b2b.control('thumblist'  ,{ autohide:false, overVideo:true, dir:'h', speed:17, inset:false, arrows:false, hover:false, customClass:'', align:'bottom',type:'thumbs', margin:5, width:140, height:80, space:5, fillMode:'fill'  });\n\t\t\t\t\/\/ slider setup\n\t\t\t\tmasterslider_6b2b.setup(\"MS69dc937c96b2b\", {\n\t\t\t\t\t\twidth           : 800,\n\t\t\t\t\t\theight          : 600,\n\t\t\t\t\t\tminHeight       : 0,\n\t\t\t\t\t\tspace           : 0,\n\t\t\t\t\t\tstart           : 1,\n\t\t\t\t\t\tgrabCursor      : true,\n\t\t\t\t\t\tswipe           : true,\n\t\t\t\t\t\tmouse           : true,\n\t\t\t\t\t\tlayout          : \"boxed\",\n\t\t\t\t\t\twheel           : false,\n\t\t\t\t\t\tautoplay        : true,\n\t\t\t\t\t\tinstantStartLayers:false,\n\t\t\t\t\t\tloop            : false,\n\t\t\t\t\t\tshuffle         : false,\n\t\t\t\t\t\tpreload         : 0,\n\t\t\t\t\t\theightLimit     : true,\n\t\t\t\t\t\tautoHeight      : false,\n\t\t\t\t\t\tsmoothHeight    : true,\n\t\t\t\t\t\tendPause        : false,\n\t\t\t\t\t\toverPause       : true,\n\t\t\t\t\t\tfillMode        : \"fill\",\n\t\t\t\t\t\tcenterControls  : true,\n\t\t\t\t\t\tstartOnAppear   : false,\n\t\t\t\t\t\tlayersMode      : \"center\",\n\t\t\t\t\t\thideLayers      : false,\n\t\t\t\t\t\tfullscreenMargin: 0,\n\t\t\t\t\t\tspeed           : 20,\n\t\t\t\t\t\tdir             : \"h\",\n\t\t\t\t\t\tparallaxMode    : 'swipe',\n\t\t\t\t\t\tview            : \"basic\"\n\t\t\t\t});\n\n\t\t\t\t\n\t\t\t\twindow.masterslider_instances = window.masterslider_instances || [];\n\t\t\t\twindow.masterslider_instances.push( masterslider_6b2b );\n\t\t\t });\n\n\t\t})(jQuery);\n\t\t<\/script>\n\n\n\t\n<table id=\"tablepress-1\" class=\"tablepress tablepress-id-1\">\n<tbody class=\"row-striping row-hover\">\n<tr class=\"row-1\">\n\t<td class=\"column-1\">Colliers<\/td><td class=\"column-2\">de 60 $ \u00e0 200 $<\/td>\n<\/tr>\n<tr class=\"row-2\">\n\t<td class=\"column-1\">Bracelets<\/td><td class=\"column-2\">de 50 $ \u00e0 65 $<\/td>\n<\/tr>\n<tr class=\"row-3\">\n\t<td class=\"column-1\">Boucles d\u2019oreille<\/td><td class=\"column-2\">de 24 $ \u00e0 30 $<\/td>\n<\/tr>\n<tr class=\"row-4\">\n\t<td class=\"column-1\">Porte-cl\u00e9s\t<\/td><td class=\"column-2\">de 24 $ \u00e0 30 $<\/td>\n<\/tr>\n<tr class=\"row-5\">\n\t<td class=\"column-1\">Broches<\/td><td class=\"column-2\">de 24 $ \u00e0 30 $<\/td>\n<\/tr>\n<tr class=\"row-6\">\n\t<td class=\"column-1\">Marque-pages<\/td><td class=\"column-2\">de 24 $ \u00e0 30 $<\/td>\n<\/tr>\n<\/tbody>\n<\/table>\n<!-- #tablepress-1 from cache -->\n<p>Prix de d\u00e9tail en dollars canadiens (CAD)<\/p>\n","protected":false},"excerpt":{"rendered":"<p>La modernit\u00e9 des ann\u00e9es 20 \u00c0 la fin de la Premi\u00e8re Guerre mondiale, il y a de l\u2019euphorie dans l\u2019air. Un mouvement de lib\u00e9ralisation s\u2019amorce et influe sur l\u2019atmosph\u00e8re culturelle, ce qui engendre plusieurs ph\u00e9nom\u00e8nes artistiques dont celui du Groupe de Beaver Hall \u00e0 Montr\u00e9al. Cette collection est constitu\u00e9e d\u2019h\u00e9matites naturelles et de couleur, d\u2019agates<\/p>\n<p class=\"more-link\"><a href=\"https:\/\/joagrenier.com\/en\/thematic-collections\/the-roaring-20s\/\" class=\"themebutton2\">Read More<\/a><\/p>\n","protected":false},"author":1,"featured_media":0,"parent":1648,"menu_order":0,"comment_status":"closed","ping_status":"closed","template":"","meta":{"footnotes":""},"_links":{"self":[{"href":"https:\/\/joagrenier.com\/en\/wp-json\/wp\/v2\/pages\/1684"}],"collection":[{"href":"https:\/\/joagrenier.com\/en\/wp-json\/wp\/v2\/pages"}],"about":[{"href":"https:\/\/joagrenier.com\/en\/wp-json\/wp\/v2\/types\/page"}],"author":[{"embeddable":true,"href":"https:\/\/joagrenier.com\/en\/wp-json\/wp\/v2\/users\/1"}],"replies":[{"embeddable":true,"href":"https:\/\/joagrenier.com\/en\/wp-json\/wp\/v2\/comments?post=1684"}],"version-history":[{"count":10,"href":"https:\/\/joagrenier.com\/en\/wp-json\/wp\/v2\/pages\/1684\/revisions"}],"predecessor-version":[{"id":2660,"href":"https:\/\/joagrenier.com\/en\/wp-json\/wp\/v2\/pages\/1684\/revisions\/2660"}],"up":[{"embeddable":true,"href":"https:\/\/joagrenier.com\/en\/wp-json\/wp\/v2\/pages\/1648"}],"wp:attachment":[{"href":"https:\/\/joagrenier.com\/en\/wp-json\/wp\/v2\/media?parent=1684"}],"curies":[{"name":"wp","href":"https:\/\/api.w.org\/{rel}","templated":true}]}}